{"id":7983,"date":"2024-02-05T19:19:26","date_gmt":"2024-02-05T18:19:26","guid":{"rendered":"https:\/\/www.invictus-invest.ch\/?page_id=7983"},"modified":"2024-02-05T19:27:07","modified_gmt":"2024-02-05T18:27:07","slug":"ich-besitze-alte-immobilien","status":"publish","type":"page","link":"https:\/\/www.invictus-invest.ch\/?page_id=7983","title":{"rendered":"Ich besitze alte Immobilien"},"content":{"rendered":"\t\t<div data-elementor-type=\"wp-page\" data-elementor-id=\"7983\" class=\"elementor elementor-7983\">\n\t\t\t\t\t\t\t\t\t<section class=\"elementor-section elementor-top-section elementor-element elementor-element-476cfc1 elementor-section-full_width elementor-section-height-default elementor-section-height-default\" data-id=\"476cfc1\" data-element_type=\"section\">\n\t\t\t\t\t\t<div class=\"elementor-container elementor-column-gap-default\">\n\t\t\t\t\t<div class=\"elementor-column elementor-col-100 elementor-top-column elementor-element elementor-element-1ae353e\" data-id=\"1ae353e\" data-element_type=\"column\">\n\t\t\t<div class=\"elementor-widget-wrap elementor-element-populated\">\n\t\t\t\t\t\t\t\t<div class=\"elementor-element elementor-element-da3283e elementor-widget elementor-widget-slider_revolution\" data-id=\"da3283e\" data-element_type=\"widget\" data-widget_type=\"slider_revolution.default\">\n\t\t\t\t<div class=\"elementor-widget-container\">\n\t\t\t\r\n\t\t<div class=\"wp-block-themepunch-revslider\">\n\t\t\t<!-- START alte REVOLUTION SLIDER 6.6.14 --><p class=\"rs-p-wp-fix\"><\/p>\n\t\t\t<rs-module-wrap id=\"rev_slider_19_1_wrapper\" data-source=\"gallery\" style=\"visibility:hidden;background:transparent;padding:0;\">\n\t\t\t\t<rs-module id=\"rev_slider_19_1\" style=\"\" data-version=\"6.6.14\">\n\t\t\t\t\t<rs-slides style=\"overflow: hidden; position: absolute;\">\n\t\t\t\t\t\t<rs-slide style=\"position: absolute;\" data-key=\"rs-26\" data-title=\"Slide\" data-in=\"o:0;\" data-out=\"a:false;\">\n\t\t\t\t\t\t\t<img decoding=\"async\" src=\"\/\/www.invictus-invest.ch\/wp-content\/plugins\/revslider\/public\/assets\/assets\/dummy.png\" alt=\"Slide\" title=\"Ich besitze alte Immobilien\" class=\"rev-slidebg tp-rs-img rs-lazyload\" data-lazyload=\"\/\/www.invictus-invest.ch\/wp-content\/plugins\/revslider\/public\/assets\/assets\/transparent.png\" data-parallax=\"2\" data-no-retina>\n<!--\n\t\t\t\t\t\t\t--><rs-group\n\t\t\t\t\t\t\t\tid=\"slider-19-slide-26-layer-4\" \n\t\t\t\t\t\t\t\tdata-type=\"group\"\n\t\t\t\t\t\t\t\tdata-xy=\"x:c,c,c,l;xo:-54px,-54px,48px,25px;y:m;yo:-19px,-34px,-80px,-41px;\"\n\t\t\t\t\t\t\t\tdata-text=\"w:normal;\"\n\t\t\t\t\t\t\t\tdata-dim=\"w:1193px,990px,761px,401px;h:472px,472px,472px,587px;\"\n\t\t\t\t\t\t\t\tdata-basealign=\"slide\"\n\t\t\t\t\t\t\t\tdata-rsp_o=\"off\"\n\t\t\t\t\t\t\t\tdata-rsp_bd=\"off\"\n\t\t\t\t\t\t\t\tdata-frame_0=\"o:1;\"\n\t\t\t\t\t\t\t\tdata-frame_999=\"o:0;st:w;sA:3500;\"\n\t\t\t\t\t\t\t\tstyle=\"z-index:7;\"\n\t\t\t\t\t\t\t><!--\n\t\t\t\t\t\t\t\t--><rs-layer\n\t\t\t\t\t\t\t\t\tid=\"slider-19-slide-26-layer-1\" \n\t\t\t\t\t\t\t\t\tdata-type=\"text\"\n\t\t\t\t\t\t\t\t\tdata-color=\"#dcf5f2\"\n\t\t\t\t\t\t\t\t\tdata-xy=\"y:b;yo:172px,210px,210px,227px;\"\n\t\t\t\t\t\t\t\t\tdata-pos=\"a\"\n\t\t\t\t\t\t\t\t\tdata-text=\"w:normal;s:120,80,80,53;l:126,80,80,60;ls:-2px;\"\n\t\t\t\t\t\t\t\t\tdata-dim=\"w:1087px,817px,690px,311px;\"\n\t\t\t\t\t\t\t\t\tdata-basealign=\"slide\"\n\t\t\t\t\t\t\t\t\tdata-rsp_o=\"off\"\n\t\t\t\t\t\t\t\t\tdata-rsp_bd=\"off\"\n\t\t\t\t\t\t\t\t\tdata-frame_0=\"y:50;\"\n\t\t\t\t\t\t\t\t\tdata-frame_1=\"e:power3.out;st:100;sp:1200;\"\n\t\t\t\t\t\t\t\t\tdata-frame_999=\"o:0;st:w;\"\n\t\t\t\t\t\t\t\t\tstyle=\"z-index:7;font-family:'PT Serif';\"\n\t\t\t\t\t\t\t\t>Ich besitze alte Immobilien \n\t\t\t\t\t\t\t\t<\/rs-layer><!--\n\n\t\t\t\t\t\t\t\t--><rs-layer\n\t\t\t\t\t\t\t\t\tid=\"slider-19-slide-26-layer-5\" \n\t\t\t\t\t\t\t\t\tdata-type=\"text\"\n\t\t\t\t\t\t\t\t\tdata-xy=\"y:b;yo:0,0,0,140px;\"\n\t\t\t\t\t\t\t\t\tdata-pos=\"a\"\n\t\t\t\t\t\t\t\t\tdata-text=\"w:normal;\"\n\t\t\t\t\t\t\t\t\tdata-rsp_o=\"off\"\n\t\t\t\t\t\t\t\t\tdata-rsp_bd=\"off\"\n\t\t\t\t\t\t\t\t\tdata-frame_0=\"y:50;\"\n\t\t\t\t\t\t\t\t\tdata-frame_1=\"e:power3.out;st:350;sp:1200;\"\n\t\t\t\t\t\t\t\t\tdata-frame_999=\"o:0;st:w;\"\n\t\t\t\t\t\t\t\t\tstyle=\"z-index:6;font-family:'Roboto';\"\n\t\t\t\t\t\t\t\t> \n\t\t\t\t\t\t\t\t<\/rs-layer><!--\n\t\t\t\t\t\t\t--><\/rs-group><!--\n-->\t\t\t\t\t\t<\/rs-slide>\n\t\t\t\t\t<\/rs-slides>\n\t\t\t\t<\/rs-module>\n\t\t\t\t<script>\n\t\t\t\t\tsetREVStartSize({c: 'rev_slider_19_1',rl:[1240,1024,778,480],el:[900,640,800,600],gw:[1300,1100,600,300],gh:[900,640,800,600],type:'hero',justify:'',layout:'fullscreen',offsetContainer:'',offset:'',mh:\"0\"});if (window.RS_MODULES!==undefined && window.RS_MODULES.modules!==undefined && window.RS_MODULES.modules[\"revslider191\"]!==undefined) {window.RS_MODULES.modules[\"revslider191\"].once = false;window.revapi19 = undefined;if (window.RS_MODULES.checkMinimal!==undefined) window.RS_MODULES.checkMinimal()}\n\t\t\t\t<\/script>\n\t\t\t<\/rs-module-wrap>\n\t\t\t<!-- END REVOLUTION SLIDER -->\n<\/div>\r\n\r\n\t\t\t\t<\/div>\n\t\t\t\t<\/div>\n\t\t\t\t\t<\/div>\n\t\t<\/div>\n\t\t\t\t\t\t\t<\/div>\n\t\t<\/section>\n\t\t\t\t<section class=\"elementor-section elementor-top-section elementor-element elementor-element-912c12d qodef-elementor-content-grid elementor-section-boxed elementor-section-height-default elementor-section-height-default\" data-id=\"912c12d\" data-element_type=\"section\" data-settings=\"{&quot;background_background&quot;:&quot;classic&quot;}\">\n\t\t\t\t\t\t<div class=\"elementor-container elementor-column-gap-default\">\n\t\t\t\t\t<div class=\"elementor-column elementor-col-100 elementor-top-column elementor-element elementor-element-aef6eb3\" data-id=\"aef6eb3\" data-element_type=\"column\">\n\t\t\t<div class=\"elementor-widget-wrap elementor-element-populated\">\n\t\t\t\t\t\t\t\t<div class=\"elementor-element elementor-element-d2b87df elementor-widget__width-initial elementor-widget elementor-widget-onegoal_core_section_title\" data-id=\"d2b87df\" data-element_type=\"widget\" data-widget_type=\"onegoal_core_section_title.default\">\n\t\t\t\t<div class=\"elementor-widget-container\">\n\t\t\t<div class=\"qodef-shortcode qodef-m  qodef-section-title qodef-alignment--center \">\n\t\t<div class=\"qodef-m-subtitle\" style=\"color: #FFFFFF;margin-bottom: 15px\">\n\t\tIch besitze alte Immobilien\t<\/div>\n\t\t\t<p class=\"qodef-m-text\" >\n\nIn Ihrem alten Haus mit dem gro\u00dfz\u00fcgigen Grundst\u00fcck sehen wir weit mehr als nur W\u00e4nde und Land \u2013 wir erkennen darin eine Geschichte, Emotionen und vor allem das Potenzial f\u00fcr etwas ganz Besonderes. Unsere Vision ist es, dieses Haus zu erwerben, es abzurei\u00dfen und die Parzelle mit Bedacht zu nutzen, um Raum f\u00fcr viele Menschen und ihre Tr\u00e4ume zu schaffen.\n\nVerschiedene Wege sind denkbar \u2013 vom Ersatzneubau bis zur Gestaltung mehrerer Wohneinheiten. Wir m\u00f6chten nicht nur Immobilien entwickeln, sondern Orte schaffen, an denen Menschen leben, lachen und sich entfalten k\u00f6nnen. Es geht uns nicht nur um den Erwerb eines Grundst\u00fccks, sondern um die Erschaffung von Erinnerungen und die Verwirklichung von Visionen.\n\nUnsere kostenlose, unverbindliche Potenzialanalyse ist ein Angebot, das aufzeigt, wie wir gemeinsam Einzigartiges, Nachhaltiges und Zukunftsweisendes schaffen k\u00f6nnen. Es geht darum, mit uns zu teilen und Platz f\u00fcr neue Geschichten zu schaffen \u2013 nicht nur f\u00fcr uns, sondern f\u00fcr viele Menschen.\n\nWir w\u00fcrden uns freuen, diese emotionale Reise mit Ihnen anzutreten und gemeinsam einen Ort zu schaffen, der nicht nur ein Haus ist, sondern ein Zuhause f\u00fcr Herz und Seele.\nIhr Grundst\u00fcck kann einen entscheidenden Beitrag zur Bew\u00e4ltigung dieser dr\u00e4ngenden Herausforderung leisten. Durch den Verkauf erm\u00f6glichen Sie nicht nur die Schaffung von dringend ben\u00f6tigtem Wohnraum, sondern tragen auch zur positiven Entwicklung der lokalen Gemeinschaft bei.\n\nAls erfahrenes Unternehmen im Bereich Immobilienentwicklung verstehen wir die Notwendigkeit, zeitnah und effektiv zu handeln. Wir k\u00f6nnen sicherstellen, dass Ihr Grundst\u00fcck bestm\u00f6glich genutzt wird, um der steigenden Nachfrage nach bezahlbarem Wohnraum gerecht zu werden.\n\nGerne stehen wir Ihnen f\u00fcr eine pers\u00f6nliche Beratung zur Verf\u00fcgung, um die Details zu besprechen und eine f\u00fcr Sie vorteilhafte L\u00f6sung zu finden. Wir danken Ihnen f\u00fcr Ihre \u00dcberlegung und freuen uns darauf, gemeinsam einen bedeutsamen Beitrag zur Bew\u00e4ltigung der zuk\u00fcnftig stark wachsenden Wohnungsnot zu leisten.<\/p>\n<\/div>\n\t\t<\/div>\n\t\t\t\t<\/div>\n\t\t\t\t\t<\/div>\n\t\t<\/div>\n\t\t\t\t\t\t\t<\/div>\n\t\t<\/section>\n\t\t<div class=\"elementor-element elementor-element-e8ba184 e-flex e-con-boxed e-con e-parent\" data-id=\"e8ba184\" data-element_type=\"container\" data-settings=\"{&quot;content_width&quot;:&quot;boxed&quot;}\" data-core-v316-plus=\"true\">\n\t\t\t\t\t<div class=\"e-con-inner\">\n\t\t<div class=\"elementor-element elementor-element-5b80cd4 e-flex e-con-boxed e-con e-child\" data-id=\"5b80cd4\" data-element_type=\"container\" data-settings=\"{&quot;content_width&quot;:&quot;boxed&quot;}\">\n\t\t\t\t\t<div class=\"e-con-inner\">\n\t\t\t\t\t<\/div>\n\t\t\t\t<\/div>\n\t\t\t\t\t<\/div>\n\t\t\t\t<\/div>\n\t\t<div class=\"elementor-element elementor-element-5aed338 e-flex e-con-boxed e-con e-parent\" data-id=\"5aed338\" data-element_type=\"container\" data-settings=\"{&quot;content_width&quot;:&quot;boxed&quot;}\" data-core-v316-plus=\"true\">\n\t\t\t\t\t<div class=\"e-con-inner\">\n\t\t<div class=\"elementor-element elementor-element-6cb2fee e-con-full e-flex e-con e-child\" data-id=\"6cb2fee\" data-element_type=\"container\" data-settings=\"{&quot;content_width&quot;:&quot;full&quot;}\">\n\t\t\t\t<div class=\"elementor-element elementor-element-2649d99 elementor-widget elementor-widget-google_maps\" data-id=\"2649d99\" data-element_type=\"widget\" data-widget_type=\"google_maps.default\">\n\t\t\t\t<div class=\"elementor-widget-container\">\n\t\t\t<style>\/*! elementor - v3.16.0 - 20-09-2023 *\/\n.elementor-widget-google_maps .elementor-widget-container{overflow:hidden}.elementor-widget-google_maps .elementor-custom-embed{line-height:0}.elementor-widget-google_maps iframe{height:300px}<\/style>\t\t<div class=\"elementor-custom-embed\">\n\t\t\t<iframe loading=\"lazy\"\n\t\t\t\t\tsrc=\"https:\/\/maps.google.com\/maps?q=Kalchb%C3%BChlstrasse%2040%207000%20Chur%20Switzerland&#038;t=m&#038;z=10&#038;output=embed&#038;iwloc=near\"\n\t\t\t\t\ttitle=\"Kalchb\u00fchlstrasse 40 7000 Chur Switzerland\"\n\t\t\t\t\taria-label=\"Kalchb\u00fchlstrasse 40 7000 Chur Switzerland\"\n\t\t\t><\/iframe>\n\t\t<\/div>\n\t\t\t\t<\/div>\n\t\t\t\t<\/div>\n\t\t\t\t<\/div>\n\t\t<div class=\"elementor-element elementor-element-9eda375 e-con-full e-flex e-con e-child\" data-id=\"9eda375\" data-element_type=\"container\" data-settings=\"{&quot;content_width&quot;:&quot;full&quot;}\">\n\t\t\t\t<div class=\"elementor-element elementor-element-9431c4b elementor-widget elementor-widget-text-editor\" data-id=\"9431c4b\" data-element_type=\"widget\" data-widget_type=\"text-editor.default\">\n\t\t\t\t<div class=\"elementor-widget-container\">\n\t\t\t<style>\/*! elementor - v3.16.0 - 20-09-2023 *\/\n.elementor-widget-text-editor.elementor-drop-cap-view-stacked .elementor-drop-cap{background-color:#69727d;color:#fff}.elementor-widget-text-editor.elementor-drop-cap-view-framed .elementor-drop-cap{color:#69727d;border:3px solid;background-color:transparent}.elementor-widget-text-editor:not(.elementor-drop-cap-view-default) .elementor-drop-cap{margin-top:8px}.elementor-widget-text-editor:not(.elementor-drop-cap-view-default) .elementor-drop-cap-letter{width:1em;height:1em}.elementor-widget-text-editor .elementor-drop-cap{float:left;text-align:center;line-height:1;font-size:50px}.elementor-widget-text-editor .elementor-drop-cap-letter{display:inline-block}<\/style>\t\t\t\t<p><strong>Invictus Invest GmbH<\/strong><br \/>Kalchb\u00fchlstrasse 40<br \/>7000 Chur<br \/>Switzerland<br \/>Mail: info@invictus-invest.ch<\/p>\t\t\t\t\t\t<\/div>\n\t\t\t\t<\/div>\n\t\t\t\t<\/div>\n\t\t\t\t\t<\/div>\n\t\t\t\t<\/div>\n\t\t<div class=\"elementor-element elementor-element-297563a e-flex e-con-boxed e-con e-parent\" data-id=\"297563a\" data-element_type=\"container\" data-settings=\"{&quot;content_width&quot;:&quot;boxed&quot;}\" data-core-v316-plus=\"true\">\n\t\t\t\t\t<div class=\"e-con-inner\">\n\t\t<div class=\"elementor-element elementor-element-2ecb364 e-con-full e-flex e-con e-child\" data-id=\"2ecb364\" data-element_type=\"container\" data-settings=\"{&quot;content_width&quot;:&quot;full&quot;}\">\n\t\t\t\t<div class=\"elementor-element elementor-element-ed372bd elementor-widget elementor-widget-text-editor\" data-id=\"ed372bd\" data-element_type=\"widget\" data-widget_type=\"text-editor.default\">\n\t\t\t\t<div class=\"elementor-widget-container\">\n\t\t\t\t\t\t\t<p>2023 Invictus Invest GmbH<\/p>\t\t\t\t\t\t<\/div>\n\t\t\t\t<\/div>\n\t\t\t\t<\/div>\n\t\t\t\t\t<\/div>\n\t\t\t\t<\/div>\n\t\t\t\t\t\t\t<\/div>\n\t\t","protected":false},"excerpt":{"rendered":"<p>Ich besitze alte Immobilien In Ihrem alten Haus mit dem gro\u00dfz\u00fcgigen Grundst\u00fcck sehen wir weit mehr als nur W\u00e4nde und Land \u2013 wir erkennen darin eine Geschichte, Emotionen und vor allem das Potenzial f\u00fcr etwas ganz Besonderes. Unsere Vision ist es, dieses Haus zu erwerben, es abzurei\u00dfen und die Parzelle mit Bedacht zu nutzen, um [&hellip;]<\/p>\n","protected":false},"author":1,"featured_media":7375,"parent":0,"menu_order":0,"comment_status":"closed","ping_status":"closed","template":"page-full-width.php","meta":{"footnotes":""},"class_list":["post-7983","page","type-page","status-publish","has-post-thumbnail","hentry"],"_links":{"self":[{"href":"https:\/\/www.invictus-invest.ch\/index.php?rest_route=\/wp\/v2\/pages\/7983","targetHints":{"allow":["GET"]}}],"collection":[{"href":"https:\/\/www.invictus-invest.ch\/index.php?rest_route=\/wp\/v2\/pages"}],"about":[{"href":"https:\/\/www.invictus-invest.ch\/index.php?rest_route=\/wp\/v2\/types\/page"}],"author":[{"embeddable":true,"href":"https:\/\/www.invictus-invest.ch\/index.php?rest_route=\/wp\/v2\/users\/1"}],"replies":[{"embeddable":true,"href":"https:\/\/www.invictus-invest.ch\/index.php?rest_route=%2Fwp%2Fv2%2Fcomments&post=7983"}],"version-history":[{"count":10,"href":"https:\/\/www.invictus-invest.ch\/index.php?rest_route=\/wp\/v2\/pages\/7983\/revisions"}],"predecessor-version":[{"id":7995,"href":"https:\/\/www.invictus-invest.ch\/index.php?rest_route=\/wp\/v2\/pages\/7983\/revisions\/7995"}],"wp:featuredmedia":[{"embeddable":true,"href":"https:\/\/www.invictus-invest.ch\/index.php?rest_route=\/wp\/v2\/media\/7375"}],"wp:attachment":[{"href":"https:\/\/www.invictus-invest.ch\/index.php?rest_route=%2Fwp%2Fv2%2Fmedia&parent=7983"}],"curies":[{"name":"wp","href":"https:\/\/api.w.org\/{rel}","templated":true}]}}