{"id":7715,"date":"2023-10-03T17:40:57","date_gmt":"2023-10-03T15:40:57","guid":{"rendered":"https:\/\/www.invictus-invest.ch\/?page_id=7715"},"modified":"2023-10-04T15:45:58","modified_gmt":"2023-10-04T13:45:58","slug":"dienstleistungen","status":"publish","type":"page","link":"https:\/\/www.invictus-invest.ch\/?page_id=7715","title":{"rendered":"Dienstleistungen"},"content":{"rendered":"\t\t<div data-elementor-type=\"wp-page\" data-elementor-id=\"7715\" class=\"elementor elementor-7715\">\n\t\t\t\t\t\t\t\t\t<section class=\"elementor-section elementor-top-section elementor-element elementor-element-476cfc1 elementor-section-full_width elementor-section-height-default elementor-section-height-default\" data-id=\"476cfc1\" data-element_type=\"section\">\n\t\t\t\t\t\t<div class=\"elementor-container elementor-column-gap-default\">\n\t\t\t\t\t<div class=\"elementor-column elementor-col-100 elementor-top-column elementor-element elementor-element-1ae353e\" data-id=\"1ae353e\" data-element_type=\"column\">\n\t\t\t<div class=\"elementor-widget-wrap elementor-element-populated\">\n\t\t\t\t\t\t\t\t<div class=\"elementor-element elementor-element-da3283e elementor-widget elementor-widget-slider_revolution\" data-id=\"da3283e\" data-element_type=\"widget\" data-widget_type=\"slider_revolution.default\">\n\t\t\t\t<div class=\"elementor-widget-container\">\n\t\t\t\r\n\t\t<div class=\"wp-block-themepunch-revslider\">\n\t\t\t<!-- START Dienstleistungen REVOLUTION SLIDER 6.6.14 --><p class=\"rs-p-wp-fix\"><\/p>\n\t\t\t<rs-module-wrap id=\"rev_slider_14_1_wrapper\" data-source=\"gallery\" style=\"visibility:hidden;background:transparent;padding:0;\">\n\t\t\t\t<rs-module id=\"rev_slider_14_1\" style=\"\" data-version=\"6.6.14\">\n\t\t\t\t\t<rs-slides style=\"overflow: hidden; position: absolute;\">\n\t\t\t\t\t\t<rs-slide style=\"position: absolute;\" data-key=\"rs-21\" data-title=\"Slide\" data-in=\"o:0;\" data-out=\"a:false;\">\n\t\t\t\t\t\t\t<img decoding=\"async\" src=\"\/\/www.invictus-invest.ch\/wp-content\/plugins\/revslider\/public\/assets\/assets\/dummy.png\" alt=\"Slide\" title=\"Dienstleistungen\" class=\"rev-slidebg tp-rs-img rs-lazyload\" data-lazyload=\"\/\/www.invictus-invest.ch\/wp-content\/plugins\/revslider\/public\/assets\/assets\/transparent.png\" data-parallax=\"2\" data-no-retina>\n<!--\n\t\t\t\t\t\t\t--><rs-group\n\t\t\t\t\t\t\t\tid=\"slider-14-slide-21-layer-4\" \n\t\t\t\t\t\t\t\tdata-type=\"group\"\n\t\t\t\t\t\t\t\tdata-xy=\"x:c,c,c,l;xo:-54px,-54px,48px,25px;y:m;yo:-19px,-34px,-80px,-41px;\"\n\t\t\t\t\t\t\t\tdata-text=\"w:normal;\"\n\t\t\t\t\t\t\t\tdata-dim=\"w:1193px,990px,761px,401px;h:472px,472px,472px,587px;\"\n\t\t\t\t\t\t\t\tdata-basealign=\"slide\"\n\t\t\t\t\t\t\t\tdata-rsp_o=\"off\"\n\t\t\t\t\t\t\t\tdata-rsp_bd=\"off\"\n\t\t\t\t\t\t\t\tdata-frame_0=\"o:1;\"\n\t\t\t\t\t\t\t\tdata-frame_999=\"o:0;st:w;sA:3500;\"\n\t\t\t\t\t\t\t\tstyle=\"z-index:7;\"\n\t\t\t\t\t\t\t><!--\n\t\t\t\t\t\t\t\t--><rs-group\n\t\t\t\t\t\t\t\t\tid=\"slider-14-slide-21-layer-8\" \n\t\t\t\t\t\t\t\t\tdata-type=\"group\"\n\t\t\t\t\t\t\t\t\tdata-xy=\"xo:8;yo:419;\"\n\t\t\t\t\t\t\t\t\tdata-pos=\"a\"\n\t\t\t\t\t\t\t\t\tdata-text=\"w:normal;\"\n\t\t\t\t\t\t\t\t\tdata-dim=\"w:195px;h:53px;\"\n\t\t\t\t\t\t\t\t\tdata-actions='o:click;a:simplelink;target:_self;url:tel:+01234567899;'\n\t\t\t\t\t\t\t\t\tdata-basealign=\"slide\"\n\t\t\t\t\t\t\t\t\tdata-rsp_o=\"off\"\n\t\t\t\t\t\t\t\t\tdata-rsp_bd=\"off\"\n\t\t\t\t\t\t\t\t\tdata-frame_0=\"o:1;\"\n\t\t\t\t\t\t\t\t\tdata-frame_999=\"o:0;st:w;sA:3500;\"\n\t\t\t\t\t\t\t\t\tdata-frame_hover=\"o:0.86;sp:600ms;e:power2.out;\"\n\t\t\t\t\t\t\t\t\tstyle=\"z-index:8;cursor:pointer;\"\n\t\t\t\t\t\t\t\t><!--\n\t\t\t\t\t\t\t\t\t--><rs-layer\n\t\t\t\t\t\t\t\t\t\tid=\"slider-14-slide-21-layer-10\" \n\t\t\t\t\t\t\t\t\t\tdata-type=\"text\"\n\t\t\t\t\t\t\t\t\t\tdata-color=\"#dcf5f2\"\n\t\t\t\t\t\t\t\t\t\tdata-xy=\"xo:64px;y:b;yo:18px;\"\n\t\t\t\t\t\t\t\t\t\tdata-pos=\"a\"\n\t\t\t\t\t\t\t\t\t\tdata-text=\"w:normal;s:18;l:18;\"\n\t\t\t\t\t\t\t\t\t\tdata-dim=\"w:159px;\"\n\t\t\t\t\t\t\t\t\t\tdata-basealign=\"slide\"\n\t\t\t\t\t\t\t\t\t\tdata-rsp_o=\"off\"\n\t\t\t\t\t\t\t\t\t\tdata-rsp_bd=\"off\"\n\t\t\t\t\t\t\t\t\t\tdata-frame_0=\"y:50;\"\n\t\t\t\t\t\t\t\t\t\tdata-frame_1=\"e:power3.out;st:400;sp:1200;\"\n\t\t\t\t\t\t\t\t\t\tdata-frame_999=\"o:0;st:w;\"\n\t\t\t\t\t\t\t\t\t\tstyle=\"z-index:7;font-family:'PT Serif';\"\n\t\t\t\t\t\t\t\t\t>+41 79 587 61 78 \n\t\t\t\t\t\t\t\t\t<\/rs-layer><!--\n\n\t\t\t\t\t\t\t\t\t--><rs-layer\n\t\t\t\t\t\t\t\t\t\tid=\"slider-14-slide-21-layer-9\" \n\t\t\t\t\t\t\t\t\t\tdata-type=\"image\"\n\t\t\t\t\t\t\t\t\t\tdata-xy=\"y:b;\"\n\t\t\t\t\t\t\t\t\t\tdata-pos=\"a\"\n\t\t\t\t\t\t\t\t\t\tdata-text=\"w:normal;\"\n\t\t\t\t\t\t\t\t\t\tdata-dim=\"w:['52px','52px','52px','52px'];h:['52px','52px','52px','52px'];\"\n\t\t\t\t\t\t\t\t\t\tdata-rsp_o=\"off\"\n\t\t\t\t\t\t\t\t\t\tdata-rsp_bd=\"off\"\n\t\t\t\t\t\t\t\t\t\tdata-frame_0=\"y:50;\"\n\t\t\t\t\t\t\t\t\t\tdata-frame_1=\"e:power3.out;st:400;sp:1200;\"\n\t\t\t\t\t\t\t\t\t\tdata-frame_999=\"o:0;st:w;\"\n\t\t\t\t\t\t\t\t\t\tstyle=\"z-index:6;\"\n\t\t\t\t\t\t\t\t\t><img decoding=\"async\" src=\"\/\/www.invictus-invest.ch\/wp-content\/plugins\/revslider\/public\/assets\/assets\/dummy.png\" alt=\"d\" class=\"tp-rs-img rs-lazyload\" width=\"104\" height=\"104\" data-lazyload=\"\/\/www.invictus-invest.ch\/wp-content\/uploads\/2023\/08\/h2-rev-img3new.png\" data-no-retina> \n\t\t\t\t\t\t\t\t\t<\/rs-layer><!--\n\t\t\t\t\t\t\t\t--><\/rs-group><!--\n\n\t\t\t\t\t\t\t\t--><rs-layer\n\t\t\t\t\t\t\t\t\tid=\"slider-14-slide-21-layer-1\" \n\t\t\t\t\t\t\t\t\tdata-type=\"text\"\n\t\t\t\t\t\t\t\t\tdata-color=\"#dcf5f2\"\n\t\t\t\t\t\t\t\t\tdata-xy=\"y:b;yo:172px,210px,210px,227px;\"\n\t\t\t\t\t\t\t\t\tdata-pos=\"a\"\n\t\t\t\t\t\t\t\t\tdata-text=\"w:normal;s:120,80,80,53;l:126,80,80,60;ls:-2px;\"\n\t\t\t\t\t\t\t\t\tdata-dim=\"w:1087px,817px,690px,311px;\"\n\t\t\t\t\t\t\t\t\tdata-basealign=\"slide\"\n\t\t\t\t\t\t\t\t\tdata-rsp_o=\"off\"\n\t\t\t\t\t\t\t\t\tdata-rsp_bd=\"off\"\n\t\t\t\t\t\t\t\t\tdata-frame_0=\"y:50;\"\n\t\t\t\t\t\t\t\t\tdata-frame_1=\"e:power3.out;st:100;sp:1200;\"\n\t\t\t\t\t\t\t\t\tdata-frame_999=\"o:0;st:w;\"\n\t\t\t\t\t\t\t\t\tstyle=\"z-index:7;font-family:'PT Serif';\"\n\t\t\t\t\t\t\t\t>Dienstleistung \n\t\t\t\t\t\t\t\t<\/rs-layer><!--\n\n\t\t\t\t\t\t\t\t--><rs-layer\n\t\t\t\t\t\t\t\t\tid=\"slider-14-slide-21-layer-5\" \n\t\t\t\t\t\t\t\t\tdata-type=\"text\"\n\t\t\t\t\t\t\t\t\tdata-xy=\"y:b;yo:0,0,0,140px;\"\n\t\t\t\t\t\t\t\t\tdata-pos=\"a\"\n\t\t\t\t\t\t\t\t\tdata-text=\"w:normal;\"\n\t\t\t\t\t\t\t\t\tdata-rsp_o=\"off\"\n\t\t\t\t\t\t\t\t\tdata-rsp_bd=\"off\"\n\t\t\t\t\t\t\t\t\tdata-frame_0=\"y:50;\"\n\t\t\t\t\t\t\t\t\tdata-frame_1=\"e:power3.out;st:350;sp:1200;\"\n\t\t\t\t\t\t\t\t\tdata-frame_999=\"o:0;st:w;\"\n\t\t\t\t\t\t\t\t\tstyle=\"z-index:6;font-family:'Roboto';\"\n\t\t\t\t\t\t\t\t> \n\t\t\t\t\t\t\t\t<\/rs-layer><!--\n\t\t\t\t\t\t\t--><\/rs-group><!--\n-->\t\t\t\t\t\t<\/rs-slide>\n\t\t\t\t\t<\/rs-slides>\n\t\t\t\t<\/rs-module>\n\t\t\t\t<script>\n\t\t\t\t\tsetREVStartSize({c: 'rev_slider_14_1',rl:[1240,1024,778,480],el:[900,640,800,600],gw:[1300,1100,600,300],gh:[900,640,800,600],type:'hero',justify:'',layout:'fullscreen',offsetContainer:'',offset:'',mh:\"0\"});if (window.RS_MODULES!==undefined && window.RS_MODULES.modules!==undefined && window.RS_MODULES.modules[\"revslider141\"]!==undefined) {window.RS_MODULES.modules[\"revslider141\"].once = false;window.revapi14 = undefined;if (window.RS_MODULES.checkMinimal!==undefined) window.RS_MODULES.checkMinimal()}\n\t\t\t\t<\/script>\n\t\t\t<\/rs-module-wrap>\n\t\t\t<!-- END REVOLUTION SLIDER -->\n<\/div>\r\n\r\n\t\t\t\t<\/div>\n\t\t\t\t<\/div>\n\t\t\t\t\t<\/div>\n\t\t<\/div>\n\t\t\t\t\t\t\t<\/div>\n\t\t<\/section>\n\t\t\t\t<section class=\"elementor-section elementor-top-section elementor-element elementor-element-1edf75a qodef-elementor-content-grid elementor-section-boxed elementor-section-height-default elementor-section-height-default\" data-id=\"1edf75a\" data-element_type=\"section\" data-settings=\"{&quot;background_background&quot;:&quot;classic&quot;}\">\n\t\t\t\t\t\t<div class=\"elementor-container elementor-column-gap-default\">\n\t\t\t\t\t<div class=\"elementor-column elementor-col-33 elementor-top-column elementor-element elementor-element-a31fdae\" data-id=\"a31fdae\" data-element_type=\"column\">\n\t\t\t<div class=\"elementor-widget-wrap elementor-element-populated\">\n\t\t\t\t\t\t\t\t<div class=\"elementor-element elementor-element-a655a73 elementor-widget elementor-widget-onegoal_core_info_section\" data-id=\"a655a73\" data-element_type=\"widget\" data-widget_type=\"onegoal_core_info_section.default\">\n\t\t\t\t<div class=\"elementor-widget-container\">\n\t\t\t<div class=\"qodef-shortcode qodef-m  qodef-info-section qodef-layout--background-text qodef-skin--light  qodef-background-text-pos--top-left\">\n\t<div class=\"qodef-m-background-text\">\n\t\t\t<\/div>\n\t<div class=\"qodef-m-info\">\n\t\t\t<div class=\"qodef-m-image\">\n\t\t<img loading=\"lazy\" decoding=\"async\" width=\"1920\" height=\"1100\" src=\"https:\/\/www.invictus-invest.ch\/wp-content\/uploads\/2023\/10\/Unbenannt-3.jpg\" class=\"attachment-full size-full\" alt=\"\" srcset=\"https:\/\/www.invictus-invest.ch\/wp-content\/uploads\/2023\/10\/Unbenannt-3.jpg 1920w, https:\/\/www.invictus-invest.ch\/wp-content\/uploads\/2023\/10\/Unbenannt-3-300x172.jpg 300w, https:\/\/www.invictus-invest.ch\/wp-content\/uploads\/2023\/10\/Unbenannt-3-1024x587.jpg 1024w, https:\/\/www.invictus-invest.ch\/wp-content\/uploads\/2023\/10\/Unbenannt-3-768x440.jpg 768w, https:\/\/www.invictus-invest.ch\/wp-content\/uploads\/2023\/10\/Unbenannt-3-1536x880.jpg 1536w, https:\/\/www.invictus-invest.ch\/wp-content\/uploads\/2023\/10\/Unbenannt-3-600x344.jpg 600w\" sizes=\"auto, (max-width: 1920px) 100vw, 1920px\" \/>\t<\/div>\n\t\t\t<h4 class=\"qodef-m-title\" >\n\t\tFokussiert auf Gestaltung und Bereitstellung\t<\/h4>\n\t\t\t<p class=\"qodef-m-text\" style=\"color: #C8D8DC\">Unsere Firma ist ein All-in-One-Unternehmen f\u00fcr Immobilienentwicklung. Wir sind fest davon \u00fcberzeugt, dass die besten und erfolgreichsten Entwicklungen durch sorgf\u00e4ltige Planung und umfassende Herangehensweisen f\u00fcr jedes neue Projekt entstehen. Ob es sich um die Entwicklung eines Gewerbegeb\u00e4udes, die Gestaltung von Innenr\u00e4umen oder andere Anliegen handelt, bieten wir erstklassige Dienstleistungen und liefern herausragende Ergebnisse. Wir stehen Ihnen gerne f\u00fcr ein unverbindliches Beratungsgespr\u00e4ch zur Verf\u00fcgung.<\/p>\n\t\t\t<div class=\"qodef-m-button\">\n\t\t<a class=\"qodef-shortcode qodef-m  qodef-button qodef-layout--textual  qodef-html--link\" href=\"https:\/\/www.invictus-invest.ch\/?page_id=7720\" target=\"_self\"  >\t<span class=\"qodef-m-text\">Kontakt<\/span>\t<span class=\"qodef-m-arrow\">\t\t<svg class=\"qodef-svg--arrow-top-right\" xmlns=\"http:\/\/www.w3.org\/2000\/svg\" width=\"10\" height=\"10\" viewBox=\"0 0 10.00 10.00\"><path d=\"M1.018 10.009 0 8.991l7.569-7.582H1.723L1.737 0h8.26v8.274H8.574l.013-5.847Z\"\/><path d=\"M1.018 10.009 0 8.991l7.569-7.582H1.723L1.737 0h8.26v8.274H8.574l.013-5.847Z\"\/><\/svg>\t<\/span><\/a>\t<\/div>\n\t<\/div>\n<\/div>\n\t\t<\/div>\n\t\t\t\t<\/div>\n\t\t\t\t\t<\/div>\n\t\t<\/div>\n\t\t\t\t<div class=\"elementor-column elementor-col-33 elementor-top-column elementor-element elementor-element-bea8c1c\" data-id=\"bea8c1c\" data-element_type=\"column\">\n\t\t\t<div class=\"elementor-widget-wrap elementor-element-populated\">\n\t\t\t\t\t\t\t\t<div class=\"elementor-element elementor-element-acd6e4c elementor-widget elementor-widget-onegoal_core_info_section\" data-id=\"acd6e4c\" data-element_type=\"widget\" data-widget_type=\"onegoal_core_info_section.default\">\n\t\t\t\t<div class=\"elementor-widget-container\">\n\t\t\t<div class=\"qodef-shortcode qodef-m  qodef-info-section qodef-layout--background-text qodef-skin--light  qodef-background-text-pos--top-left\">\n\t<div class=\"qodef-m-background-text\">\n\t\t\t<\/div>\n\t<div class=\"qodef-m-info\">\n\t\t\t<div class=\"qodef-m-image\">\n\t\t<img loading=\"lazy\" decoding=\"async\" width=\"1920\" height=\"1100\" src=\"https:\/\/www.invictus-invest.ch\/wp-content\/uploads\/2023\/10\/1.jpg\" class=\"attachment-full size-full\" alt=\"\" srcset=\"https:\/\/www.invictus-invest.ch\/wp-content\/uploads\/2023\/10\/1.jpg 1920w, https:\/\/www.invictus-invest.ch\/wp-content\/uploads\/2023\/10\/1-300x172.jpg 300w, https:\/\/www.invictus-invest.ch\/wp-content\/uploads\/2023\/10\/1-1024x587.jpg 1024w, https:\/\/www.invictus-invest.ch\/wp-content\/uploads\/2023\/10\/1-768x440.jpg 768w, https:\/\/www.invictus-invest.ch\/wp-content\/uploads\/2023\/10\/1-1536x880.jpg 1536w, https:\/\/www.invictus-invest.ch\/wp-content\/uploads\/2023\/10\/1-600x344.jpg 600w\" sizes=\"auto, (max-width: 1920px) 100vw, 1920px\" \/>\t<\/div>\n\t\t\t<h4 class=\"qodef-m-title\" >\n\t\t Kaufen. Verkaufen. Investieren.\t<\/h4>\n\t\t\t<p class=\"qodef-m-text\" style=\"color: #C8D8DC\">Ob Sie nun erwerben, ver\u00e4ussern oder investieren \u2013 vertrauen Sie auf unser Expertenwissen und unsere Serviceleistungen, um sicherzustellen, dass Sie die optimalen Gelegenheiten nutzen. Wir gew\u00e4hrleisten einen reibungslosen Ablauf in s\u00e4mtlichen Phasen des Prozesses, von Beginn bis zum erfolgreichen Abschluss des Gesch\u00e4fts und dar\u00fcber hinaus stehen wir an Ihrer Seite.<\/p>\n\t\t\t<div class=\"qodef-m-button\">\n\t\t<a class=\"qodef-shortcode qodef-m  qodef-button qodef-layout--textual  qodef-html--link\" href=\"https:\/\/www.invictus-invest.ch\/?page_id=7720\" target=\"_self\"  >\t<span class=\"qodef-m-text\">Kontakt<\/span>\t<span class=\"qodef-m-arrow\">\t\t<svg class=\"qodef-svg--arrow-top-right\" xmlns=\"http:\/\/www.w3.org\/2000\/svg\" width=\"10\" height=\"10\" viewBox=\"0 0 10.00 10.00\"><path d=\"M1.018 10.009 0 8.991l7.569-7.582H1.723L1.737 0h8.26v8.274H8.574l.013-5.847Z\"\/><path d=\"M1.018 10.009 0 8.991l7.569-7.582H1.723L1.737 0h8.26v8.274H8.574l.013-5.847Z\"\/><\/svg>\t<\/span><\/a>\t<\/div>\n\t<\/div>\n<\/div>\n\t\t<\/div>\n\t\t\t\t<\/div>\n\t\t\t\t\t<\/div>\n\t\t<\/div>\n\t\t\t\t<div class=\"elementor-column elementor-col-33 elementor-top-column elementor-element elementor-element-f67ffa8\" data-id=\"f67ffa8\" data-element_type=\"column\">\n\t\t\t<div class=\"elementor-widget-wrap elementor-element-populated\">\n\t\t\t\t\t\t\t\t<div class=\"elementor-element elementor-element-a572c89 elementor-widget elementor-widget-onegoal_core_info_section\" data-id=\"a572c89\" data-element_type=\"widget\" data-widget_type=\"onegoal_core_info_section.default\">\n\t\t\t\t<div class=\"elementor-widget-container\">\n\t\t\t<div class=\"qodef-shortcode qodef-m  qodef-info-section qodef-layout--background-text qodef-skin--light  qodef-background-text-pos--top-left\">\n\t<div class=\"qodef-m-background-text\">\n\t\t\t<\/div>\n\t<div class=\"qodef-m-info\">\n\t\t\t<div class=\"qodef-m-image\">\n\t\t<img loading=\"lazy\" decoding=\"async\" width=\"1920\" height=\"1100\" src=\"https:\/\/www.invictus-invest.ch\/wp-content\/uploads\/2023\/10\/Unbenannt-3-1.jpg\" class=\"attachment-full size-full\" alt=\"\" srcset=\"https:\/\/www.invictus-invest.ch\/wp-content\/uploads\/2023\/10\/Unbenannt-3-1.jpg 1920w, https:\/\/www.invictus-invest.ch\/wp-content\/uploads\/2023\/10\/Unbenannt-3-1-300x172.jpg 300w, https:\/\/www.invictus-invest.ch\/wp-content\/uploads\/2023\/10\/Unbenannt-3-1-1024x587.jpg 1024w, https:\/\/www.invictus-invest.ch\/wp-content\/uploads\/2023\/10\/Unbenannt-3-1-768x440.jpg 768w, https:\/\/www.invictus-invest.ch\/wp-content\/uploads\/2023\/10\/Unbenannt-3-1-1536x880.jpg 1536w, https:\/\/www.invictus-invest.ch\/wp-content\/uploads\/2023\/10\/Unbenannt-3-1-600x344.jpg 600w\" sizes=\"auto, (max-width: 1920px) 100vw, 1920px\" \/>\t<\/div>\n\t\t\t<h4 class=\"qodef-m-title\" >\n\t\tVerl\u00e4sslich. Ehrlich. Professionell.\t<\/h4>\n\t\t\t<p class=\"qodef-m-text\" style=\"color: #C8D8DC\">In unserer T\u00e4tigkeit legen wir besonderen Wert auf ehrliche und vertrauensw\u00fcrdige Beziehungen zu unseren Kunden. Wir streben nach Erfolg durch hervorragenden Service und transparente Abl\u00e4ufe. Unter dem Leitspruch &quot;Maximierung der Gewinne, Minimierung der Risiken&quot; entwickeln wir gemeinsam mit Ihnen die optimale Finanzierungsstrategie, die Ihren individuellen Anforderungen gerecht wird. Mit unserer Unterst\u00fctzung finden wir heraus, wie Sie das Beste aus Ihrem Budget herausholen k\u00f6nnen. Mit uns haben Sie einen zuverl\u00e4ssigen Partner an Ihrer Seite, um dieses Ziel zu erreichen. Unsere langj\u00e4hrige Erfahrung und umfassendes Wissen stehen Ihnen dabei zur Verf\u00fcgung.<\/p>\n\t\t\t<div class=\"qodef-m-button\">\n\t\t<a class=\"qodef-shortcode qodef-m  qodef-button qodef-layout--textual  qodef-html--link\" href=\"https:\/\/www.invictus-invest.ch\/?page_id=7720\" target=\"_self\"  >\t<span class=\"qodef-m-text\">Kontakt<\/span>\t<span class=\"qodef-m-arrow\">\t\t<svg class=\"qodef-svg--arrow-top-right\" xmlns=\"http:\/\/www.w3.org\/2000\/svg\" width=\"10\" height=\"10\" viewBox=\"0 0 10.00 10.00\"><path d=\"M1.018 10.009 0 8.991l7.569-7.582H1.723L1.737 0h8.26v8.274H8.574l.013-5.847Z\"\/><path d=\"M1.018 10.009 0 8.991l7.569-7.582H1.723L1.737 0h8.26v8.274H8.574l.013-5.847Z\"\/><\/svg>\t<\/span><\/a>\t<\/div>\n\t<\/div>\n<\/div>\n\t\t<\/div>\n\t\t\t\t<\/div>\n\t\t\t\t\t<\/div>\n\t\t<\/div>\n\t\t\t\t\t\t\t<\/div>\n\t\t<\/section>\n\t\t\t\t<section class=\"elementor-section elementor-top-section elementor-element elementor-element-e70c865 qodef-elementor-content-grid elementor-section-boxed elementor-section-height-default elementor-section-height-default\" data-id=\"e70c865\" data-element_type=\"section\">\n\t\t\t\t\t\t<div class=\"elementor-container elementor-column-gap-default\">\n\t\t\t\t\t<div class=\"elementor-column elementor-col-100 elementor-top-column elementor-element elementor-element-d089a7e\" data-id=\"d089a7e\" data-element_type=\"column\">\n\t\t\t<div class=\"elementor-widget-wrap elementor-element-populated\">\n\t\t\t\t\t\t\t\t<div class=\"elementor-element elementor-element-0e28136 elementor-widget__width-initial elementor-widget elementor-widget-onegoal_core_section_title\" data-id=\"0e28136\" data-element_type=\"widget\" data-widget_type=\"onegoal_core_section_title.default\">\n\t\t\t\t<div class=\"elementor-widget-container\">\n\t\t\t<div class=\"qodef-shortcode qodef-m  qodef-section-title qodef-alignment--center \">\n\t\t<div class=\"qodef-m-subtitle\" style=\"color: #FFFFFF;margin-bottom: 15px\">\n\t\tNewsletter\t<\/div>\n\t\t<h2 class=\"qodef-m-title\" style=\"color: #FFFFFF\">\n\t\t\t\t\tWir haben laufend neue Projekte\t\t\t<\/h2>\n\t<\/div>\n\t\t<\/div>\n\t\t\t\t<\/div>\n\t\t\t\t\t<\/div>\n\t\t<\/div>\n\t\t\t\t\t\t\t<\/div>\n\t\t<\/section>\n\t\t<div class=\"elementor-element elementor-element-b783c76 e-flex e-con-boxed e-con e-parent\" data-id=\"b783c76\" data-element_type=\"container\" data-settings=\"{&quot;content_width&quot;:&quot;boxed&quot;}\" data-core-v316-plus=\"true\">\n\t\t\t\t\t<div class=\"e-con-inner\">\n\t\t\t\t<div class=\"elementor-element elementor-element-050730a elementor-widget elementor-widget-qi_addons_for_elementor_contact_form_7\" data-id=\"050730a\" data-element_type=\"widget\" data-widget_type=\"qi_addons_for_elementor_contact_form_7.default\">\n\t\t\t\t<div class=\"elementor-widget-container\">\n\t\t\t<div class=\"qodef-shortcode qodef-m  qodef-qi-contact-form-7 \">\n\t\n<div class=\"wpcf7 no-js\" id=\"wpcf7-f2494-o1\" lang=\"en-US\" dir=\"ltr\">\n<div class=\"screen-reader-response\"><p role=\"status\" aria-live=\"polite\" aria-atomic=\"true\"><\/p> <ul><\/ul><\/div>\n<form action=\"\/index.php?rest_route=%2Fwp%2Fv2%2Fpages%2F7715#wpcf7-f2494-o1\" method=\"post\" class=\"wpcf7-form init\" aria-label=\"Contact form\" novalidate=\"novalidate\" data-status=\"init\">\n<div style=\"display: none;\">\n<input type=\"hidden\" name=\"_wpcf7\" value=\"2494\" \/>\n<input type=\"hidden\" name=\"_wpcf7_version\" value=\"5.8.1\" \/>\n<input type=\"hidden\" name=\"_wpcf7_locale\" value=\"en_US\" \/>\n<input type=\"hidden\" name=\"_wpcf7_unit_tag\" value=\"wpcf7-f2494-o1\" \/>\n<input type=\"hidden\" name=\"_wpcf7_container_post\" value=\"0\" \/>\n<input type=\"hidden\" name=\"_wpcf7_posted_data_hash\" value=\"\" \/>\n<\/div>\n<div class=\"qodef-cf7-newsletter qodef-skin--light\">\n<span class=\"wpcf7-form-control-wrap\" data-name=\"your-email\"><input size=\"40\" class=\"wpcf7-form-control wpcf7-email wpcf7-validates-as-required wpcf7-text wpcf7-validates-as-email\" aria-required=\"true\" aria-invalid=\"false\" placeholder=\"Email\" value=\"\" type=\"email\" name=\"your-email\" \/><\/span>\n<button class=\"wpcf7-form-control wpcf7-submit qodef-button qodef-size--normal qodef-layout--outlined qodef-m\" type=\"submit\"><span class=\"qodef-m-text\">Subscribe<\/span><span class=\"qodef-m-arrow\"><svg class=\"qodef-svg--arrow-top-right\" xmlns=\"http:\/\/www.w3.org\/2000\/svg\" width=\"10\" height=\"10\" viewBox=\"0 0 10.00 10.00\"><path d=\"M1.018 10.009 0 8.991l7.569-7.582H1.723L1.737 0h8.26v8.274H8.574l.013-5.847Z\"\/><path d=\"M1.018 10.009 0 8.991l7.569-7.582H1.723L1.737 0h8.26v8.274H8.574l.013-5.847Z\"\/><\/svg><\/span><\/button>\n<\/div><p style=\"display: none !important;\"><label>&#916;<textarea name=\"_wpcf7_ak_hp_textarea\" cols=\"45\" rows=\"8\" maxlength=\"100\"><\/textarea><\/label><input type=\"hidden\" id=\"ak_js_1\" name=\"_wpcf7_ak_js\" value=\"22\"\/><script>document.getElementById( \"ak_js_1\" ).setAttribute( \"value\", ( new Date() ).getTime() );<\/script><\/p><div class=\"wpcf7-response-output\" aria-hidden=\"true\"><\/div>\n<\/form>\n<\/div>\n<\/div>\n\t\t<\/div>\n\t\t\t\t<\/div>\n\t\t\t\t\t<\/div>\n\t\t\t\t<\/div>\n\t\t<div class=\"elementor-element elementor-element-297563a e-flex e-con-boxed e-con e-parent\" data-id=\"297563a\" data-element_type=\"container\" data-settings=\"{&quot;content_width&quot;:&quot;boxed&quot;}\" data-core-v316-plus=\"true\">\n\t\t\t\t\t<div class=\"e-con-inner\">\n\t\t<div class=\"elementor-element elementor-element-2ecb364 e-con-full e-flex e-con e-child\" data-id=\"2ecb364\" data-element_type=\"container\" data-settings=\"{&quot;content_width&quot;:&quot;full&quot;}\">\n\t\t\t\t<div class=\"elementor-element elementor-element-ed372bd elementor-widget elementor-widget-text-editor\" data-id=\"ed372bd\" data-element_type=\"widget\" data-widget_type=\"text-editor.default\">\n\t\t\t\t<div class=\"elementor-widget-container\">\n\t\t\t<style>\/*! elementor - v3.16.0 - 20-09-2023 *\/\n.elementor-widget-text-editor.elementor-drop-cap-view-stacked .elementor-drop-cap{background-color:#69727d;color:#fff}.elementor-widget-text-editor.elementor-drop-cap-view-framed .elementor-drop-cap{color:#69727d;border:3px solid;background-color:transparent}.elementor-widget-text-editor:not(.elementor-drop-cap-view-default) .elementor-drop-cap{margin-top:8px}.elementor-widget-text-editor:not(.elementor-drop-cap-view-default) .elementor-drop-cap-letter{width:1em;height:1em}.elementor-widget-text-editor .elementor-drop-cap{float:left;text-align:center;line-height:1;font-size:50px}.elementor-widget-text-editor .elementor-drop-cap-letter{display:inline-block}<\/style>\t\t\t\t<p>2023 Invictus Invest<\/p>\t\t\t\t\t\t<\/div>\n\t\t\t\t<\/div>\n\t\t\t\t<\/div>\n\t\t\t\t\t<\/div>\n\t\t\t\t<\/div>\n\t\t\t\t\t\t\t<\/div>\n\t\t","protected":false},"excerpt":{"rendered":"<p>Fokussiert auf Gestaltung und Bereitstellung Unsere Firma ist ein All-in-One-Unternehmen f\u00fcr Immobilienentwicklung. Wir sind fest davon \u00fcberzeugt, dass die besten und erfolgreichsten Entwicklungen durch sorgf\u00e4ltige Planung und umfassende Herangehensweisen f\u00fcr jedes neue Projekt entstehen. Ob es sich um die Entwicklung eines Gewerbegeb\u00e4udes, die Gestaltung von Innenr\u00e4umen oder andere Anliegen handelt, bieten wir erstklassige Dienstleistungen und [&hellip;]<\/p>\n","protected":false},"author":1,"featured_media":7375,"parent":0,"menu_order":0,"comment_status":"closed","ping_status":"closed","template":"page-full-width.php","meta":{"footnotes":""},"class_list":["post-7715","page","type-page","status-publish","has-post-thumbnail","hentry"],"_links":{"self":[{"href":"https:\/\/www.invictus-invest.ch\/index.php?rest_route=\/wp\/v2\/pages\/7715","targetHints":{"allow":["GET"]}}],"collection":[{"href":"https:\/\/www.invictus-invest.ch\/index.php?rest_route=\/wp\/v2\/pages"}],"about":[{"href":"https:\/\/www.invictus-invest.ch\/index.php?rest_route=\/wp\/v2\/types\/page"}],"author":[{"embeddable":true,"href":"https:\/\/www.invictus-invest.ch\/index.php?rest_route=\/wp\/v2\/users\/1"}],"replies":[{"embeddable":true,"href":"https:\/\/www.invictus-invest.ch\/index.php?rest_route=%2Fwp%2Fv2%2Fcomments&post=7715"}],"version-history":[{"count":20,"href":"https:\/\/www.invictus-invest.ch\/index.php?rest_route=\/wp\/v2\/pages\/7715\/revisions"}],"predecessor-version":[{"id":7885,"href":"https:\/\/www.invictus-invest.ch\/index.php?rest_route=\/wp\/v2\/pages\/7715\/revisions\/7885"}],"wp:featuredmedia":[{"embeddable":true,"href":"https:\/\/www.invictus-invest.ch\/index.php?rest_route=\/wp\/v2\/media\/7375"}],"wp:attachment":[{"href":"https:\/\/www.invictus-invest.ch\/index.php?rest_route=%2Fwp%2Fv2%2Fmedia&parent=7715"}],"curies":[{"name":"wp","href":"https:\/\/api.w.org\/{rel}","templated":true}]}}